{"id":24268,"date":"2019-12-10T22:08:28","date_gmt":"2019-12-10T21:08:28","guid":{"rendered":"http:\/\/www.silverpacker.de\/?page_id=24268"},"modified":"2023-04-09T18:20:28","modified_gmt":"2023-04-09T16:20:28","slug":"mittelamerika-mexiko-guatemala-2019-20","status":"publish","type":"page","link":"http:\/\/www.silverpacker.de\/?page_id=24268","title":{"rendered":"Mittelamerika (Mexiko &#038; Guatemala) 2019\/20"},"content":{"rendered":"<strong>Unterwegs in Mittelamerika (Mexiko &amp; Guatemala):<\/strong>\n\n<!-- \/wp:post-content -->\n\n<!-- wp:paragraph -->\n\n&nbsp;\n\n<!-- \/wp:paragraph -->\n\n<!-- wp:shortcode \/-->\n\n<code><\/code>\n<table id=\"travelmap-list\">\n<tbody>\n<tr>\n<th>&nbsp;<\/th>\n<th>Destination<\/th>\n<th>Arrival<\/th>\n<\/tr>\n<tr class=\"past\">\n<td>1<\/td>\n<td>Mexiko City (Mexiko)<\/td>\n<td>13. Dezember 2019<\/td>\n<\/tr>\n<tr class=\"past\">\n<td>2<\/td>\n<td><a href=\"http:\/\/www.silverpacker.de\/?p=24497\">Mexiko City (Mexiko)\n\u00bb Anthropologischer Auftakt<\/a><\/td>\n<td>14. Dezember 2019<\/td>\n<\/tr>\n<tr class=\"past\">\n<td>3<\/td>\n<td><a href=\"http:\/\/www.silverpacker.de\/?p=24557\">Mexiko City (Mexiko)\n\u00bb Mexikanischer Surrealismus und Mariachi-D\u00e4mmerung<\/a><\/td>\n<td>15. Dezember 2019<\/td>\n<\/tr>\n<tr class=\"past\">\n<td>4<\/td>\n<td><a href=\"http:\/\/www.silverpacker.de\/?p=24624\">Mexiko City (Mexiko)\n\u00bb Kunstgeschichte auf sechs Ebenen<\/a><\/td>\n<td>16. Dezember 2019<\/td>\n<\/tr>\n<tr class=\"past\">\n<td>5<\/td>\n<td><a href=\"http:\/\/www.silverpacker.de\/?p=24645\">Mexiko City &gt; Toluca (Mexiko)\n\u00bb Suche nach der Herbergssuche \u2013 erster Teil<\/a><\/td>\n<td>17. Dezember 2019<\/td>\n<\/tr>\n<tr class=\"past\">\n<td>6<\/td>\n<td><a href=\"http:\/\/www.silverpacker.de\/?p=24685\">Toluca &gt; Zit\u00e1cuaro &gt; Angangueo &gt; Valle de Bravo (Mexiko)\n\u00bb (K)ein Waldspaziergang<\/a><\/td>\n<td>18. Dezember 2019<\/td>\n<\/tr>\n<tr class=\"past\">\n<td>7<\/td>\n<td><a href=\"http:\/\/www.silverpacker.de\/?p=24735\">Valle de Bravo &gt; Cuernavaca &gt; Puebla (Mexiko)\n\u00bb \u00dcber die magischen D\u00f6rfer<\/a><\/td>\n<td>19. Dezember 2019<\/td>\n<\/tr>\n<tr class=\"past\">\n<td>8<\/td>\n<td><a href=\"http:\/\/www.silverpacker.de\/?p=24791\">Puebla &gt; Cacaxtla &gt; Puebla (Mexiko)\n\u00bb Mayas in Farbe 2.0 deluxe<\/a><\/td>\n<td>20. Dezember 2019<\/td>\n<\/tr>\n<tr class=\"past\">\n<td>9<\/td>\n<td><a href=\"http:\/\/www.silverpacker.de\/?p=24865\">Puebla &gt; Teotitl\u00e1n del Valle (Mexiko)\n\u00bb Zweimal Francisco und endlich Posada<\/a><\/td>\n<td>21. Dezember 2019<\/td>\n<\/tr>\n<tr class=\"past\">\n<td>10<\/td>\n<td><a href=\"http:\/\/www.silverpacker.de\/?p=24972\">Teotitl\u00e1n del Valle &gt; Tlacolula de Matamoros &gt; Oaxaca (Mexiko)\n\u00bb Farbenpr\u00e4chtiges Trachtengewimmel<\/a><\/td>\n<td>22. Dezember 2019<\/td>\n<\/tr>\n<tr class=\"past\">\n<td>11<\/td>\n<td><a href=\"http:\/\/www.silverpacker.de\/?p=25103\">Oaxaca de Ju\u00e1rez (Mexiko)\n\u00bb Radi, geschnitzt<\/a><\/td>\n<td>23. Dezember 2019<\/td>\n<\/tr>\n<tr class=\"past\">\n<td>12<\/td>\n<td><a href=\"http:\/\/www.silverpacker.de\/?p=25185\">Oaxaca de Ju\u00e1rez (Mexiko)\n\u00bb Las calendas oaxaque\u00f1as<\/a><\/td>\n<td>24. Dezember 2019<\/td>\n<\/tr>\n<tr class=\"past\">\n<td>13<\/td>\n<td><a href=\"http:\/\/www.silverpacker.de\/?p=25259\">Oaxaca de Ju\u00e1rez &gt; San Pablo Villa de Mitla &gt; Santa Mar\u00eda del Tule &gt; Oaxaca de Ju\u00e1rez (Mexiko)\n\u00bb Die Ruinen von Mitla und der dickste Baum der Welt<\/a><\/td>\n<td>25. Dezember 2019<\/td>\n<\/tr>\n<tr class=\"past\">\n<td>14<\/td>\n<td><a href=\"http:\/\/www.silverpacker.de\/?p=25327\">Oaxaca de Ju\u00e1rez &gt; Monte Alb\u00e1n &gt; San Bartolo Coyotepec &gt; Oaxaca de Ju\u00e1rez (Mexiko)\n\u00bb Die Stelen der Zapoteken<\/a><\/td>\n<td>26. Dezember 2019<\/td>\n<\/tr>\n<tr class=\"past\">\n<td>15<\/td>\n<td><a href=\"http:\/\/www.silverpacker.de\/?p=25424\">Oaxaca de Ju\u00e1rez (Mexiko)\n\u00bb Mole und mehr &amp; Stra\u00dfenparty am Abend<\/a><\/td>\n<td>27. Dezember 2019<\/td>\n<\/tr>\n<tr class=\"past\">\n<td>16<\/td>\n<td><a href=\"http:\/\/www.silverpacker.de\/?p=25462\">Oaxaca de Ju\u00e1rez (Mexiko)\n\u00bb Vier Hochzeiten und eine Totenmaske<\/a><\/td>\n<td>28. Dezember 2019<\/td>\n<\/tr>\n<tr class=\"past\">\n<td>17<\/td>\n<td>Oaxaca de Ju\u00e1rez (Mexiko) &gt; Antigua (Guatemala)<\/td>\n<td>29. Dezember 2019<\/td>\n<\/tr>\n<tr class=\"past\">\n<td>18<\/td>\n<td>Antigua (Guatemala)<\/td>\n<td>30. Dezember 2019<\/td>\n<\/tr>\n<tr class=\"past\">\n<td>19<\/td>\n<td><a href=\"http:\/\/www.silverpacker.de\/?p=25586\">Antigua (Guatemala)\n\u00bb Sylvester in Antigua<\/a><\/td>\n<td>31. Dezember 2019<\/td>\n<\/tr>\n<tr class=\"past\">\n<td>20<\/td>\n<td><a href=\"http:\/\/www.silverpacker.de\/?p=25643\">Antigua &gt; Chichicastenango (Guatemala)\n\u00bb Der Schamane von Chichicastenango<\/a><\/td>\n<td>1. Januar 2020<\/td>\n<\/tr>\n<tr class=\"past\">\n<td>21<\/td>\n<td><a href=\"http:\/\/www.silverpacker.de\/?p=25715\">Chichicastenango &gt; Panajachel (Guatemala)\n\u00bb Markt in Chichicastenango<\/a><\/td>\n<td>2. Januar 2020<\/td>\n<\/tr>\n<tr class=\"past\">\n<td>22<\/td>\n<td><a href=\"http:\/\/www.silverpacker.de\/?p=25728\">Panajachel (Guatemala)\n\u00bb Entspannt zwischen Vulkanen<\/a><\/td>\n<td>3. Januar 2020<\/td>\n<\/tr>\n<tr class=\"past\">\n<td>23<\/td>\n<td><a href=\"http:\/\/www.silverpacker.de\/?p=25766\">Panajachel (Guatemala)\n\u00bb Spanischkurs gesucht<\/a><\/td>\n<td>4. Januar 2020<\/td>\n<\/tr>\n<tr class=\"past\">\n<td>24<\/td>\n<td><a href=\"http:\/\/www.silverpacker.de\/?p=25847\">Panajachel &gt; San Pedro &gt; Panajachel(Guatemala)\n\u00bb&nbsp; Streetart und Webst\u00fchle<\/a><\/td>\n<td>5. Januar 2020<\/td>\n<\/tr>\n<tr class=\"past\">\n<td>25<\/td>\n<td><a href=\"http:\/\/www.silverpacker.de\/?p=25908\">Panajachel &gt; Santiago Atitl\u00e1n &gt; Panajachel(Guatemala)\n\u00bb Ein M\u00e4rtyrer und ein seltsamer Heiliger<\/a><\/td>\n<td>6. Januar 2020<\/td>\n<\/tr>\n<tr class=\"past\">\n<td>26<\/td>\n<td><a href=\"http:\/\/www.silverpacker.de\/?p=25931\">Panajachel &gt; Guatemala City &gt; Monterrico (Guatemala)\n\u00bb Spontane Richtungs\u00e4nderung<\/a><\/td>\n<td>7. Januar 2020<\/td>\n<\/tr>\n<tr class=\"past\">\n<td>27<\/td>\n<td><a href=\"http:\/\/www.silverpacker.de\/?p=25968\">Monterrico (Guatemala)\n\u00bb Die Schildkr\u00f6ten von Monterrico<\/a><\/td>\n<td>8. Januar 2020<\/td>\n<\/tr>\n<tr class=\"past\">\n<td>28<\/td>\n<td><a href=\"http:\/\/www.silverpacker.de\/?p=26002\">Monterrico (Guatemala)\n\u00bb Vollmond-Untergang<\/a><\/td>\n<td>9. Januar 2020<\/td>\n<\/tr>\n<tr class=\"past\">\n<td>29<\/td>\n<td><a href=\"http:\/\/www.silverpacker.de\/?p=26051\">Antigua (Guatemala)\n\u00bb Abschied von Guatemala<\/a><\/td>\n<td>10. Januar 2020<\/td>\n<\/tr>\n<\/tbody>\n<\/table>\n<code><\/code>","protected":false},"excerpt":{"rendered":"<p>Unterwegs in Mittelamerika (Mexiko &amp; Guatemala): &nbsp; &nbsp; Destination Arrival 1 Mexiko City (Mexiko) 13. Dezember 2019 2 Mexiko City (Mexiko) \u00bb Anthropologischer Auftakt 14. Dezember 2019 3 Mexiko City (Mexiko) \u00bb Mexikanischer Surrealismus und Mariachi-D\u00e4mmerung 15. Dezember 2019 4 &hellip; <a href=\"http:\/\/www.silverpacker.de\/?page_id=24268\">Weiterlesen <span class=\"meta-nav\">&rarr;<\/span><\/a><\/p>\n","protected":false},"author":1,"featured_media":0,"parent":37,"menu_order":88,"comment_status":"closed","ping_status":"closed","template":"","meta":{"ngg_post_thumbnail":0,"jetpack_post_was_ever_published":false,"footnotes":""},"class_list":["post-24268","page","type-page","status-publish","hentry"],"jetpack_sharing_enabled":true,"jetpack_shortlink":"https:\/\/wp.me\/P1fteS-6jq","jetpack_likes_enabled":true,"_links":{"self":[{"href":"http:\/\/www.silverpacker.de\/index.php?rest_route=\/wp\/v2\/pages\/24268","targetHints":{"allow":["GET"]}}],"collection":[{"href":"http:\/\/www.silverpacker.de\/index.php?rest_route=\/wp\/v2\/pages"}],"about":[{"href":"http:\/\/www.silverpacker.de\/index.php?rest_route=\/wp\/v2\/types\/page"}],"author":[{"embeddable":true,"href":"http:\/\/www.silverpacker.de\/index.php?rest_route=\/wp\/v2\/users\/1"}],"replies":[{"embeddable":true,"href":"http:\/\/www.silverpacker.de\/index.php?rest_route=%2Fwp%2Fv2%2Fcomments&post=24268"}],"version-history":[{"count":20,"href":"http:\/\/www.silverpacker.de\/index.php?rest_route=\/wp\/v2\/pages\/24268\/revisions"}],"predecessor-version":[{"id":30443,"href":"http:\/\/www.silverpacker.de\/index.php?rest_route=\/wp\/v2\/pages\/24268\/revisions\/30443"}],"up":[{"embeddable":true,"href":"http:\/\/www.silverpacker.de\/index.php?rest_route=\/wp\/v2\/pages\/37"}],"wp:attachment":[{"href":"http:\/\/www.silverpacker.de\/index.php?rest_route=%2Fwp%2Fv2%2Fmedia&parent=24268"}],"curies":[{"name":"wp","href":"https:\/\/api.w.org\/{rel}","templated":true}]}}