{"id":33213,"date":"2024-12-11T15:24:00","date_gmt":"2024-12-11T14:24:00","guid":{"rendered":"http:\/\/www.silverpacker.de\/?page_id=33213"},"modified":"2025-12-14T17:02:47","modified_gmt":"2025-12-14T16:02:47","slug":"asien-2024-25","status":"publish","type":"page","link":"http:\/\/www.silverpacker.de\/?page_id=33213","title":{"rendered":"Thailand &#8211; Vietnam 2024\/25"},"content":{"rendered":"<p><strong>Unterwegs in S\u00fcdostasien (Thailand &amp; Vietnam 2024\/25)<\/strong><\/p>\r\n<!-- \/wp:post-content -->\r\n\r\n<!-- wp:shortcode \/-->\r\n<p>&nbsp;<\/p>\r\n<table id=\"travelmap-list\">\r\n<tbody>\r\n<tr>\r\n<th>&nbsp;<\/th>\r\n<th>Destination<\/th>\r\n<th>Arrival<\/th>\r\n<\/tr>\r\n<tr class=\"past\">\r\n<td>1<\/td>\r\n<td>M\u00fcnchen &#8211; Bangkok: los geht&#8217;s<\/td>\r\n<td>11. Dezember 2024<\/td>\r\n<\/tr>\r\n<tr class=\"past\">\r\n<td>2<\/td>\r\n<td><a href=\"http:\/\/www.silverpacker.de\/?p=33285\">Bangkok: Ankommen und Eintauchen<\/a><\/td>\r\n<td>12. Dezember 2024<\/td>\r\n<\/tr>\r\n<tr class=\"past\">\r\n<td>3<\/td>\r\n<td><a href=\"http:\/\/www.silverpacker.de\/?p=33362\">Bangkok: Wo der Hase h\u00e4ngt<\/a><\/td>\r\n<td>13. Dezember 2024<\/td>\r\n<\/tr>\r\n<tr class=\"past\">\r\n<td>4<\/td>\r\n<td><!-- a href=\"http:\/\/www.silverpacker.de\/?p=xxxx\" --><a href=\"http:\/\/www.silverpacker.de\/?p=33423\">Bangkok: Ein Caf\u00e9 in der Winkelgasse<\/a><!-- \/a --><\/td>\r\n<td>14. Dezember 2024<\/td>\r\n<\/tr>\r\n<tr class=\"past\">\r\n<td>5<\/td>\r\n<td><!-- a href=\"http:\/\/www.silverpacker.de\/?p=xxxx\" --><a href=\"http:\/\/www.silverpacker.de\/?p=33486\">Bangkok: Skurrile Bilderwelten<\/a><!-- \/a --><\/td>\r\n<td>15. Dezember 2024<\/td>\r\n<\/tr>\r\n<tr class=\"past\">\r\n<td>6<\/td>\r\n<td><!-- a href=\"http:\/\/www.silverpacker.de\/?p=xxxx\" --><a href=\"http:\/\/www.silverpacker.de\/?p=33514\">Bangkok &#8211; Hanoi: Bia h\u01a1i in Hanoi&nbsp;<\/a><!-- \/a --><\/td>\r\n<td>16. Dezember 2024<\/td>\r\n<\/tr>\r\n<tr class=\"past\">\r\n<td>7<\/td>\r\n<td><!-- a href=\"http:\/\/www.silverpacker.de\/?p=xxxx\" --><a href=\"http:\/\/www.silverpacker.de\/?p=33571\">Hanoi: Zum Fr\u00fchst\u00fcck Lachende Kuh mit Ei<\/a><!-- \/a --><\/td>\r\n<td>17. Dezember 2024<\/td>\r\n<\/tr>\r\n<tr class=\"past\">\r\n<td>8<\/td>\r\n<td><a href=\"http:\/\/www.silverpacker.de\/?p=33594\">Hanoi: Reisepl\u00e4ne&#8230; oder wie es weiter geht<\/a><!-- a href=\"http:\/\/www.silverpacker.de\/?p=xxxx\" --><!-- \/a --><\/td>\r\n<td>18. Dezember 2024<\/td>\r\n<\/tr>\r\n<tr class=\"past\">\r\n<td>9<\/td>\r\n<td><a href=\"http:\/\/www.silverpacker.de\/?p=33659\">Hanoi &#8211; Sa Pa: Kulinarisches Highlight im Norden<\/a><br><!-- a href=\"http:\/\/www.silverpacker.de\/?p=xxxx\" --><!-- \/a --><\/td>\r\n<td>19. Dezember 2024<\/td>\r\n<\/tr>\r\n<tr class=\"past\">\r\n<td>10<\/td>\r\n<td><a href=\"http:\/\/www.silverpacker.de\/?p=33743\">Sap Ha &#8211; T\u1ea3 Van &#8211; Bac H\u00e0: Enten und andere Relikte im Reisfeld<\/a><!-- a href=\"http:\/\/www.silverpacker.de\/?p=xxxx\" --><!-- \/a --><\/td>\r\n<td>20. Dezember 2024<\/td>\r\n<\/tr>\r\n<tr class=\"past\">\r\n<td>11<\/td>\r\n<td><a href=\"http:\/\/www.silverpacker.de\/?p=33808\">Bac H\u00e0 &#8211; Si Ma Cay &#8211; <\/a><a href=\"http:\/\/www.silverpacker.de\/?p=33808\">Bac H\u00e0<\/a><a href=\"http:\/\/www.silverpacker.de\/?p=33808\"> : Trachtenmarkt im Norden<\/a><!-- a href=\"http:\/\/www.silverpacker.de\/?p=xxxx\" --><!-- \/a --><\/td>\r\n<td>21. Dezember 2024<\/td>\r\n<\/tr>\r\n<tr class=\"past\">\r\n<td>12<\/td>\r\n<td><a href=\"http:\/\/www.silverpacker.de\/?p=33880\">Bac H\u00e1 &#8211; Y\u00ean Th\u1ebf: Vier M\u00e4rkte und ein <\/a><a style=\"font-family: inherit;\" href=\"http:\/\/www.silverpacker.de\/?p=33880\">&nbsp;Missverst\u00e4ndni<\/a><a href=\"http:\/\/www.silverpacker.de\/?p=33880\">s<br><\/a><!-- a href=\"http:\/\/www.silverpacker.de\/?p=xxxx\" --><!-- \/a --><\/td>\r\n<td>22. Dezember 2024<\/td>\r\n<\/tr>\r\n<tr class=\"past\">\r\n<td>13<\/td>\r\n<td><a href=\"http:\/\/www.silverpacker.de\/?p=33943\">Y\u00ean Th\u1ebf- &nbsp;Hanoi: Edelsteine im vorweihnachtlichen Farbrausch<\/a><!-- a href=\"http:\/\/www.silverpacker.de\/?p=xxxx\" --><!-- \/a --><\/td>\r\n<td>23. Dezember 2024<\/td>\r\n<\/tr>\r\n<tr class=\"past\">\r\n<td>14<\/td>\r\n<td><a href=\"http:\/\/www.silverpacker.de\/?p=34001\">Hanoi: Gro\u00dfe Show an Heiligabend<\/a><!-- a href=\"http:\/\/www.silverpacker.de\/?p=xxxx\" --><!-- \/a --><\/td>\r\n<td>24. Dezember 2024<\/td>\r\n<\/tr>\r\n<tr class=\"past\">\r\n<td>15<\/td>\r\n<td><a href=\"http:\/\/www.silverpacker.de\/?p=34253\">Hanoi &#8211; Hue: Mal wieder Regen in Hue<\/a><!-- a href=\"http:\/\/www.silverpacker.de\/?p=xxxx\" --><!-- \/a --><\/td>\r\n<td>25. Dezember 2024<\/td>\r\n<\/tr>\r\n<tr class=\"past\">\r\n<td>16<\/td>\r\n<td><a href=\"http:\/\/www.silverpacker.de\/?p=34320\">Hue: Vier auf einen Streich<\/a><!-- a href=\"http:\/\/www.silverpacker.de\/?p=xxxx\" --><!-- \/a --><\/td>\r\n<td>26. Dezember 2024<\/td>\r\n<\/tr>\r\n<tr class=\"past\">\r\n<td>17<\/td>\r\n<td><a href=\"http:\/\/www.silverpacker.de\/?p=34447\">Hue: Innehalten<\/a><!-- a href=\"http:\/\/www.silverpacker.de\/?p=xxxx\" --><!-- \/a --><\/td>\r\n<td>27. Dezember 2024<\/td>\r\n<\/tr>\r\n<tr class=\"past\">\r\n<td>18<\/td>\r\n<td><a href=\"http:\/\/www.silverpacker.de\/?p=34507\">Hue: Kraft der Ver\u00e4nderung<\/a><!-- a href=\"http:\/\/www.silverpacker.de\/?p=xxxx\" --><!-- \/a --><\/td>\r\n<td>28. Dezember 2024<\/td>\r\n<\/tr>\r\n<tr class=\"past\">\r\n<td>19<\/td>\r\n<td><a href=\"http:\/\/www.silverpacker.de\/?p=34560\">Hue &#8211; Hoi An: \u00dcber den Wolkenpass<\/a><!-- a href=\"http:\/\/www.silverpacker.de\/?p=xxxx\" --><!-- \/a --><\/td>\r\n<td>29. Dezember 2024<\/td>\r\n<\/tr>\r\n<tr class=\"past\">\r\n<td>20<\/td>\r\n<td><!-- a href=\"http:\/\/www.silverpacker.de\/?p=xxxx\" --><a href=\"http:\/\/www.silverpacker.de\/?p=34621\">Hoi An: die singende K\u00f6chin<\/a><!-- \/a --><\/td>\r\n<td>30. Dezember 2024<\/td>\r\n<\/tr>\r\n<tr class=\"past\">\r\n<td>21<\/td>\r\n<td><a href=\"http:\/\/www.silverpacker.de\/?p=34675\">Hoi An: Besser als Dinner for One<\/a><br><!-- \/a --><\/td>\r\n<td>31. Dezember 2024<\/td>\r\n<\/tr>\r\n<tr class=\"past\">\r\n<td>22<\/td>\r\n<td><a href=\"http:\/\/www.silverpacker.de\/?p=34736\"><!-- a href=\"http:\/\/www.silverpacker.de\/?p=xxxx\" -->Hoi An: Neujahrsspaziergang<\/a><!-- \/a --><\/td>\r\n<td>1. Januar 2025<\/td>\r\n<\/tr>\r\n<tr class=\"past\">\r\n<td>23<\/td>\r\n<td><!-- a href=\"http:\/\/www.silverpacker.de\/?p=xxxx\" --><a href=\"http:\/\/www.silverpacker.de\/?p=34768\">Hoi An: \u00dcber sieben Br\u00fccken&#8230;<\/a><!-- \/a --><\/td>\r\n<td>2. Januar 2025<\/td>\r\n<\/tr>\r\n<tr class=\"past\">\r\n<td>24<\/td>\r\n<td><a href=\"http:\/\/www.silverpacker.de\/?p=34837\">Hoi An: Und t\u00e4glich gr\u00fc\u00dft die Wetter-App<\/a><!-- a href=\"http:\/\/www.silverpacker.de\/?p=xxxx\" --><!-- \/a --><\/td>\r\n<td>3. Januar 2025<\/td>\r\n<\/tr>\r\n<tr class=\"past\">\r\n<td>25<\/td>\r\n<td><a href=\"http:\/\/www.silverpacker.de\/?p=34852\">Hoi An &#8211; Da- Nang &#8211; Ho Chi Minh City: Endlich Himmelblau<\/a><!-- a href=\"http:\/\/www.silverpacker.de\/?p=xxxx\" --><!-- \/a --><\/td>\r\n<td>4. Januar 2025<\/td>\r\n<\/tr>\r\n<tr class=\"past\">\r\n<td>26<\/td>\r\n<td><a href=\"http:\/\/www.silverpacker.de\/?p=34959\">Ho Chi Minh City: Spurensuche<\/a><!-- a href=\"http:\/\/www.silverpacker.de\/?p=xxxx\" --><!-- \/a --><\/td>\r\n<td>5. Januar 2025<\/td>\r\n<\/tr>\r\n<tr class=\"past\">\r\n<td>27<\/td>\r\n<td><a href=\"http:\/\/www.silverpacker.de\/?p=35018\">Ho Chi Minh City: Saigons Chinatown<\/a><!-- a href=\"http:\/\/www.silverpacker.de\/?p=xxxx\" --><!-- \/a --><\/td>\r\n<td>6. Januar 2025<\/td>\r\n<\/tr>\r\n<tr class=\"past\">\r\n<td>28<\/td>\r\n<td><a href=\"http:\/\/www.silverpacker.de\/?p=35114\">Ho Chi Minh City &#8211; Cai L\u1eady &#8211; Cai Be &#8211; Tra Vinh: Buddha lacht&nbsp;<\/a><!-- a href=\"http:\/\/www.silverpacker.de\/?p=xxxx\" --><!-- \/a --><\/td>\r\n<td>7. Januar 2025<\/td>\r\n<\/tr>\r\n<tr class=\"past\">\r\n<td>29<\/td>\r\n<td><a href=\"http:\/\/www.silverpacker.de\/?p=35259\">Tra Vinh &#8211; Tr\u00e0 C\u00fa Provinz &#8211; Soc Trang-Provinz &#8211; C\u1ea7n Th\u01a1:&nbsp; Tempel-Tour durchs Delta<\/a><!-- a href=\"http:\/\/www.silverpacker.de\/?p=xxxx\" --><!-- \/a --><\/td>\r\n<td>8. Januar 2025<\/td>\r\n<\/tr>\r\n<tr class=\"past\">\r\n<td>30<\/td>\r\n<td><a href=\"http:\/\/www.silverpacker.de\/?p=35291\">C\u1ea7n Th\u01a1 &#8211; Cai Rang &#8211; Sa \u0110\u00e9c &#8211; H\u1ed3 Ch\u00ed Minh City: Alles schwimmt<\/a><!-- a href=\"http:\/\/www.silverpacker.de\/?p=xxxx\" --><!-- \/a --><\/td>\r\n<td>9. Januar 2025<\/td>\r\n<\/tr>\r\n<tr class=\"past\">\r\n<td>31<\/td>\r\n<td><a href=\"http:\/\/www.silverpacker.de\/?p=35428\">Ho Chi Minh City: Stille Tage in Saigon<\/a><!-- a href=\"http:\/\/www.silverpacker.de\/?p=xxxx\" --><!-- \/a --><\/td>\r\n<td>10. Januar 2025<\/td>\r\n<\/tr>\r\n<tr class=\"past\">\r\n<td>32<\/td>\r\n<td><a href=\"http:\/\/www.silverpacker.de\/?p=35471\">Ho Chi Minh City: So ist das Leben<\/a><!-- a href=\"http:\/\/www.silverpacker.de\/?p=xxxx\" --><!-- \/a --><\/td>\r\n<td>11. Januar 2025<\/td>\r\n<\/tr>\r\n<tr class=\"past\">\r\n<td>33<\/td>\r\n<td><!-- a href=\"http:\/\/www.silverpacker.de\/?p=xxxx\" --><a href=\"http:\/\/www.silverpacker.de\/?p=35615\">Ho Chi Minh City &#8211; Bangkok: Von Gespenstern und Masken der Zukunft<\/a><!-- \/a --><\/td>\r\n<td>12. Januar 2025<\/td>\r\n<\/tr>\r\n<tr class=\"past\">\r\n<td>34<\/td>\r\n<td><!-- a href=\"http:\/\/www.silverpacker.de\/?p=xxxx\" -->Bangkok &#8211; M\u00fcnchen<!-- \/a --><\/td>\r\n<td>13. Januar 2025<\/td>\r\n<\/tr>\r\n<\/tbody>\r\n<\/table>\r\n<p><code><\/code><\/p>\r\n<!-- \/wp:paragraph -->","protected":false},"excerpt":{"rendered":"<p>Unterwegs in S\u00fcdostasien (Thailand &amp; Vietnam 2024\/25) &nbsp; &nbsp; Destination Arrival 1 M\u00fcnchen &#8211; Bangkok: los geht&#8217;s 11. Dezember 2024 2 Bangkok: Ankommen und Eintauchen 12. Dezember 2024 3 Bangkok: Wo der Hase h\u00e4ngt 13. Dezember 2024 4 Bangkok: Ein &hellip; <a href=\"http:\/\/www.silverpacker.de\/?page_id=33213\">Weiterlesen <span class=\"meta-nav\">&rarr;<\/span><\/a><\/p>\n","protected":false},"author":2,"featured_media":33521,"parent":37,"menu_order":83,"comment_status":"closed","ping_status":"closed","template":"","meta":{"ngg_post_thumbnail":0,"jetpack_post_was_ever_published":false,"footnotes":""},"class_list":["post-33213","page","type-page","status-publish","has-post-thumbnail","hentry"],"jetpack_sharing_enabled":true,"jetpack_shortlink":"https:\/\/wp.me\/P1fteS-8DH","jetpack_likes_enabled":true,"_links":{"self":[{"href":"http:\/\/www.silverpacker.de\/index.php?rest_route=\/wp\/v2\/pages\/33213","targetHints":{"allow":["GET"]}}],"collection":[{"href":"http:\/\/www.silverpacker.de\/index.php?rest_route=\/wp\/v2\/pages"}],"about":[{"href":"http:\/\/www.silverpacker.de\/index.php?rest_route=\/wp\/v2\/types\/page"}],"author":[{"embeddable":true,"href":"http:\/\/www.silverpacker.de\/index.php?rest_route=\/wp\/v2\/users\/2"}],"replies":[{"embeddable":true,"href":"http:\/\/www.silverpacker.de\/index.php?rest_route=%2Fwp%2Fv2%2Fcomments&post=33213"}],"version-history":[{"count":57,"href":"http:\/\/www.silverpacker.de\/index.php?rest_route=\/wp\/v2\/pages\/33213\/revisions"}],"predecessor-version":[{"id":35828,"href":"http:\/\/www.silverpacker.de\/index.php?rest_route=\/wp\/v2\/pages\/33213\/revisions\/35828"}],"up":[{"embeddable":true,"href":"http:\/\/www.silverpacker.de\/index.php?rest_route=\/wp\/v2\/pages\/37"}],"wp:featuredmedia":[{"embeddable":true,"href":"http:\/\/www.silverpacker.de\/index.php?rest_route=\/wp\/v2\/media\/33521"}],"wp:attachment":[{"href":"http:\/\/www.silverpacker.de\/index.php?rest_route=%2Fwp%2Fv2%2Fmedia&parent=33213"}],"curies":[{"name":"wp","href":"https:\/\/api.w.org\/{rel}","templated":true}]}}