{"id":54,"date":"2010-12-16T13:50:52","date_gmt":"2010-12-16T13:50:52","guid":{"rendered":"http:\/\/cc.worldguide.de\/?page_id=54"},"modified":"2025-12-20T15:28:36","modified_gmt":"2025-12-20T14:28:36","slug":"gesundheit","status":"publish","type":"page","link":"http:\/\/www.silverpacker.de\/?page_id=54","title":{"rendered":"Gesundheit"},"content":{"rendered":"<p><strong><a href=\"https:\/\/i0.wp.com\/cc.worldguide.de\/wp-content\/uploads\/2010\/12\/IMG_0069-2.jpg\"><img data-recalc-dims=\"1\" loading=\"lazy\" decoding=\"async\" class=\"alignright size-thumbnail wp-image-711\" title=\"IMG_0069-2\" src=\"https:\/\/i0.wp.com\/cc.worldguide.de\/wp-content\/uploads\/2010\/12\/IMG_0069-2-e1315590508437-150x150.jpg?resize=150%2C150\" alt=\"\" width=\"150\" height=\"150\" srcset=\"https:\/\/i0.wp.com\/www.silverpacker.de\/wp-content\/uploads\/2010\/12\/IMG_0069-2-e1315590508437.jpg?resize=150%2C150 150w, https:\/\/i0.wp.com\/www.silverpacker.de\/wp-content\/uploads\/2010\/12\/IMG_0069-2-e1315590508437.jpg?zoom=2&amp;resize=150%2C150 300w, https:\/\/i0.wp.com\/www.silverpacker.de\/wp-content\/uploads\/2010\/12\/IMG_0069-2-e1315590508437.jpg?zoom=3&amp;resize=150%2C150 450w\" sizes=\"auto, (max-width: 150px) 100vw, 150px\" \/><\/a>Empfohlene Medikamente f\u00fcr eine kleine Reiseapotheke:<\/strong><\/p>\n<ul>\n<li><a title=\"Gebrauchsinformation (Packungsbeilage) Prednitop Creme\" href=\"http:\/\/de.oddb.org\/de\/drugs\/patinfo\/uid\/103815\" target=\"_blank\" rel=\"noopener\"><strong>Prednitop Creme<\/strong> 10 g<\/a> (Cortison)<br \/>\nM\u00fcckenstiche, Sonnenbrand, nicht eitrige Insektenstiche, Hautallergien \/\/ auch f\u00fcr Kinder<\/li>\n<li><a title=\"Informationen zur Wirkung, Dosierung und Nebenwirkungen von BETAISODONA SALBE - 25 G\" href=\"http:\/\/www.medvergleich.de\/Nebenwirkungen\/BETAISODONA+SALBE-25+G.html\" target=\"_blank\" rel=\"noopener\"><strong>Betaisodona Salbe<\/strong> 25 g<\/a> Jod-Salbe (Antibiotika)<br \/>\nleichte, eitrige Hautinfektionen (nach Insektenstich, Hautverletzungen, eitrige Nagelbettentz\u00fcndungen) \/\/ auch f\u00fcr Kinder<\/li>\n<li><a title=\"Gebrauchsinformation (Packungsbeilage) Ciprofloxacin &quot;ratiopharm&quot; 250 mg - Filmtabletten\" href=\"http:\/\/www.diagnosia.com\/at\/medikament\/ciprofloxacin-ratiopharm-250-mg-filmtabletten\" target=\"_blank\" rel=\"noopener\"><strong>Ciprofloxacin AL<\/strong>250 mg Filmtabletten<\/a> 1-0-1 (Antibiotikum)<br \/>\nInfektionen des Magen-Darm-Trakts und des Bauchraums, Harnwegsinfekt, Durchfall \/\/ nicht f\u00fcr Kinder<\/li>\n<li>Achtung: keine Milchprodukte und kein Magnesium&nbsp;<\/li>\n<li><a title=\"Infos von netDoktor.de zu cefuroxim 250\/-500 von ct Filmtabletten\" href=\"http:\/\/www.netdoktor.de\/Medikamente\/cefuroxim-250-500-von-ct-100010678.html\" target=\"_blank\" rel=\"noopener\"><strong>Cefuroxim Al<\/strong> 250 mg Tabletten<\/a>&nbsp;1-0-1 (Antibiotikum)<br \/>\nInfektion Nasennebenh\u00f6hlen, Hals, Mandeln, Bronchen, Lunge \/\/ Infektion der Haut (eitrige, Rotlauf (Erysepel) \/\/ auch f\u00fcr Kinder (bis 6 J. nur als Saft)<\/li>\n<li><a title=\"Gebrauchsinformation (Packungsbeilage) Imodium\u00ae akut Nn2 mg Tabletten\" href=\"http:\/\/de.oddb.org\/de\/drugs\/patinfo\/uid\/2344619\" target=\"_blank\" rel=\"noopener\"><strong>Imodium akut<\/strong> N, 2 mg Tabletten<br \/>\n<\/a>Durchfall \/\/ nicht f\u00fcr Kinder unter 2 J.<\/li>\n<li><a title=\"Gebrauchsinformation (Packungsbeilage) MCP AbZ 5 mg\/ml Tropfen\" href=\"http:\/\/abzpharma.info\/apps\/c25_teratioproduct\/abz\/display_v2\/index.cfm?fuseaction=getbeilage&amp;pID=360&amp;lID=2\" target=\"_blank\" rel=\"noopener\"><strong>MCP AbZ<\/strong> 5 mg\/ml Tropfen<\/a>&nbsp;(bis 3&#215;1\/d)<br \/>\n\u00dcbelkeit, Erbrechen, Durchfall mit Bauchkr\u00e4mpfen \/\/ auch f\u00fcr Kinder (halbe Dosierung)<\/li>\n<li><a title=\"Gebrauchsinformation (Packungsbeilage) Diclofenac Sandoz 75 mg - Retardtabletten\" href=\"http:\/\/www.diagnosia.com\/at\/medikament\/diclofenac-sandoz-75-mg-retardtabletten\" target=\"_blank\" rel=\"noopener\"><strong>Diclofenac<\/strong>-ratiopharm 75 SL Retardkapseln<\/a>&nbsp;(bis 3&#215;1\/d) (Schmerzmittel)<br \/>\nSchmerzen Muskulatur und Gelenke, Kopfschmerzen \/ nicht f\u00fcr Kinder bis 12 J.<\/li>\n<li><a title=\"Infos von netDoktor.de zu Paracetamol-CT 500 mg Tabletten\" href=\"http:\/\/www.netdoktor.de\/Medikamente\/paracetamol-500-von-ct-Ta-100006918.html\" target=\"_blank\" rel=\"noopener\"><strong>Paracetamol-CT<\/strong> 500 mg Tabletten<br \/>\n<\/a>Fiebersenker, leichtes Schmerzmittel (bei Infekten) \/\/ gut f\u00fcr Kinder<\/li>\n<li><strong>M\u00fcckenschutz<br \/>\n<\/strong>z. B. <a href=\"http:\/\/www.nobite.com\/\" target=\"_blank\" rel=\"noopener\">NoBite<\/a>:<br \/>\nEin langanhaltendes tropentaugliches Repellent f\u00fcr die <strong>Haut<\/strong> (als Spray oder Gel erh\u00e4ltlich) in Kombination mit einer Impr\u00e4gnierung f\u00fcr <strong>Textilien<\/strong><\/li>\n<li><strong>Sonnenschutz<br \/>\n<\/strong>z.B. <a href=\"http:\/\/www2.eucerin.com\/de\/produkte\/sonnenschutz\/sun-spray-lsf-50\/\" target=\"_blank\" rel=\"noopener\">eucerin Sun Spray LSF 50+<\/a>:<br \/>\nHoch effektive UVA\/UVB-Filter (entsprechen der EU-Empfehlung) und der zus\u00e4tzliche Tiefenzellschutz mit Licochalcone A gew\u00e4hrleisten ein H\u00f6chstma\u00df an Schutz vor sonnenbedingten Hautsch\u00e4den. Die Haut ist zuverl\u00e4ssig und rundum gesch\u00fctzt \u2013 auch in der tiefer liegenden Hautschicht.<\/li>\n<\/ul>\n<p>&nbsp;<\/p>\n<h3><strong>Malaria:<\/strong><\/h3>\n<p><strong>Prophylaxe \/ Stand by <\/strong>(Atovaquon\/Proguanil)<\/p>\n<ul>\n<li><a title=\"Gebrauchsinformation (Packungsbeilage) Malarone 250 mg\/100 mg Filmtabletten\" href=\"http:\/\/www.diagnosia.com\/at\/medikament\/malarone-250-mg100-mg-filmtabletten\" target=\"_blank\" rel=\"noopener\"><strong>Malarone<\/strong> 250 mg\/100 mg Filmtabletten<br \/>\n<\/a>Malaria-Notfallmediakation: Einnahme nur bei bestehendem Malariaverdacht und keiner erreichbaren bzw. ausreichenden medizinischen Versorgung.<br \/>\n<strong>Dosierung f\u00fcr Personen &gt; 40kg:<br \/>\n<\/strong>je 4 Tabl. Malarone als Einzeldosis an 3 aufeinanderfolgenden Tagen<\/li>\n<\/ul>\n<table cellspacing=\"0\" cellpadding=\"1\">\n<tbody>\n<tr>\n<td>Risiko<\/td>\n<td>in <strong>Thailand<\/strong> in den Grenzprovinzen v.a. Tak, Mae Hong Son, Ranong und Yala sowie im Goldenen Dreieck, in der S\u00fcdh\u00e4lfte inklusive K\u00fcstengebiete, im Khao Sok National Park und auf den meisten Inseln wie Koh Chang, Ko Mak, Ko Phangan, Ko Phi Phi, Ko Tao, u.a.m.<\/td>\n<\/tr>\n<tr>\n<td>Als&nbsp;malariafrei<\/td>\n<td>gelten das Zentrum der Nordh\u00e4lfte <strong>Thailands<\/strong>, die Haupt-Touristenzentren Bangkok, Chiang Mai, Chiang Rai, Pattaya, Phuket, Ko Samui.<strong>Laos<\/strong>: Mittleres bis geringes Risiko im ganzen Land.<br \/>\nKein Malariarisiko in Vientiane.<strong>Kambodscha<\/strong>: Mittleres bis geringes Risiko im gr\u00f6\u00dften Teil des Landes einschl. Angkor Wat, Tonle Sap und Siem Reap.<br \/>\nMinimales Risiko in der s\u00fcdlichen Mekong Region.<br \/>\nKein Malariarisiko in Pnomh Penh.<strong>Vietnam<\/strong>: Geringes Risiko im ganzen Land unter 1500 m, insbesondere in den zentralen und s\u00fcdlichen Provinzen Dak Nong, Gia Lai, Bin Phuoc, Kon Tum sowie im Nordwesten. Sehr geringes Risiko im Nordosten und an der K\u00fcste Zentralvietnams. Malariafrei sind gro\u00dfe Stadtzentren.<\/td>\n<\/tr>\n<\/tbody>\n<\/table>\n<h3><strong>Impfungen:<\/strong><\/h3>\n<p>F\u00fcr alle Reisenden zu empfehlen ist ein Impfschutz gegen:<\/p>\n<ul>\n<li>Diphtherie, Tetanus<\/li>\n<li>Hepatitis A<\/li>\n<li>Masern (oder Immunit\u00e4t nach Krankheit)<\/li>\n<\/ul>\n<p>F\u00fcr Risikogruppen zus\u00e4tzlich die Impfung gegen:<\/p>\n<ul>\n<li>Typhus<\/li>\n<li>Hepatitis B<\/li>\n<li>Tollwut<\/li>\n<li>japan. Enzephalitis<\/li>\n<li>Pneumokokken, Influenza<\/li>\n<\/ul>\n<p>Einreisevorschrift:<\/p>\n<ul>\n<li>Gelbfieberimpfung:<br \/>\nobligatorisch bei Einreise aus Gelbfieber &#8211; Endemiegebieten, auch Transit<\/li>\n<\/ul>\n<p>&nbsp;<\/p>\n<h3><strong>Reisemedizinischer Infoservice:<\/strong><\/h3>\n<ul>\n<li><a href=\"http:\/\/www.fit-for-travel.de\/Reiseziele\/Thailand\" target=\"_blank\" rel=\"noopener\">Thailand<\/a><\/li>\n<li><a href=\"http:\/\/www.fit-for-travel.de\/Reiseziele\/Laos\" target=\"_blank\" rel=\"noopener\">Laos<\/a><\/li>\n<li><a href=\"http:\/\/www.fit-for-travel.de\/Reiseziele\/Kambodscha\" target=\"_blank\" rel=\"noopener\">Kambodscha<\/a><\/li>\n<li><a href=\"http:\/\/www.fit-for-travel.de\/Reiseziele\/Vietnam\" target=\"_blank\" rel=\"noopener\">Vietnam<\/a><\/li>\n<\/ul>\n<p>&nbsp;<\/p>\n<h3><a href=\"http:\/\/cc.worldguide.de\/wp-content\/uploads\/2010\/12\/IMG_0069-2.jpg\">[cetsEmbedGmap src=http:\/\/maps.google.com\/?ie=UTF8&amp;ll=15.45368,101.601563&amp;spn=14.029864,28.081055&amp;z=5 width=600 height=350 marginwidth=0 marginheight=0 frameborder=0 scrolling=no]<\/a><\/h3>\n","protected":false},"excerpt":{"rendered":"<p>Empfohlene Medikamente f\u00fcr eine kleine Reiseapotheke: Prednitop Creme 10 g (Cortison) M\u00fcckenstiche, Sonnenbrand, nicht eitrige Insektenstiche, Hautallergien \/\/ auch f\u00fcr Kinder Betaisodona Salbe 25 g Jod-Salbe (Antibiotika) leichte, eitrige Hautinfektionen (nach Insektenstich, Hautverletzungen, eitrige Nagelbettentz\u00fcndungen) \/\/ auch f\u00fcr Kinder Ciprofloxacin &hellip; <a href=\"http:\/\/www.silverpacker.de\/?page_id=54\">Weiterlesen <span class=\"meta-nav\">&rarr;<\/span><\/a><\/p>\n","protected":false},"author":2,"featured_media":0,"parent":121,"menu_order":0,"comment_status":"open","ping_status":"closed","template":"","meta":{"ngg_post_thumbnail":0,"jetpack_post_was_ever_published":false,"footnotes":""},"class_list":["post-54","page","type-page","status-publish","hentry"],"jetpack_sharing_enabled":true,"jetpack_shortlink":"https:\/\/wp.me\/P1fteS-S","jetpack_likes_enabled":true,"_links":{"self":[{"href":"http:\/\/www.silverpacker.de\/index.php?rest_route=\/wp\/v2\/pages\/54","targetHints":{"allow":["GET"]}}],"collection":[{"href":"http:\/\/www.silverpacker.de\/index.php?rest_route=\/wp\/v2\/pages"}],"about":[{"href":"http:\/\/www.silverpacker.de\/index.php?rest_route=\/wp\/v2\/types\/page"}],"author":[{"embeddable":true,"href":"http:\/\/www.silverpacker.de\/index.php?rest_route=\/wp\/v2\/users\/2"}],"replies":[{"embeddable":true,"href":"http:\/\/www.silverpacker.de\/index.php?rest_route=%2Fwp%2Fv2%2Fcomments&post=54"}],"version-history":[{"count":39,"href":"http:\/\/www.silverpacker.de\/index.php?rest_route=\/wp\/v2\/pages\/54\/revisions"}],"predecessor-version":[{"id":36032,"href":"http:\/\/www.silverpacker.de\/index.php?rest_route=\/wp\/v2\/pages\/54\/revisions\/36032"}],"up":[{"embeddable":true,"href":"http:\/\/www.silverpacker.de\/index.php?rest_route=\/wp\/v2\/pages\/121"}],"wp:attachment":[{"href":"http:\/\/www.silverpacker.de\/index.php?rest_route=%2Fwp%2Fv2%2Fmedia&parent=54"}],"curies":[{"name":"wp","href":"https:\/\/api.w.org\/{rel}","templated":true}]}}